{"id":5180,"date":"2021-06-02T12:36:45","date_gmt":"2021-06-02T19:36:45","guid":{"rendered":"https:\/\/lepharecb.ca\/about-le-phare-c-b\/"},"modified":"2026-02-06T15:31:24","modified_gmt":"2026-02-06T23:31:24","slug":"about-le-phare-c-b","status":"publish","type":"page","link":"https:\/\/lepharecb.dev.wboitemedia.com\/en\/about-le-phare-c-b\/","title":{"rendered":"About Le Phare C.-B."},"content":{"rendered":"<style>.kb-row-layout-wrap.wp-block-kadence-rowlayout.kb-row-layout-id5180_149635-69{margin-bottom:0px;}.kb-row-layout-id5180_149635-69 > .kt-row-column-wrap{align-content:start;}:where(.kb-row-layout-id5180_149635-69 > .kt-row-column-wrap) > .wp-block-kadence-column{justify-content:start;}.kb-row-layout-id5180_149635-69 > .kt-row-column-wrap{column-gap:var(--global-kb-gap-md, 2rem);row-gap:var(--global-kb-gap-md, 2rem);max-width:900px;margin-left:auto;margin-right:auto;padding-top:401px;padding-bottom:60px;grid-template-columns:minmax(0, 1fr);}.kb-row-layout-id5180_149635-69{background-image:url('https:\/\/lepharecb.dev.wboitemedia.com\/wp-content\/uploads\/2025\/09\/banniere-site-internet-1.avif');background-size:cover;background-position:51% 47%;background-attachment:scroll;background-repeat:no-repeat;}.kb-row-layout-id5180_149635-69 > .kt-row-layout-overlay{opacity:0.00;background:linear-gradient(90deg, #00b5e2 0%, #1c809a 100%);mix-blend-mode:screen;}.kb-row-layout-id5180_149635-69 .kt-row-layout-bottom-sep{height:100px;}.kb-row-layout-id5180_149635-69 .kt-row-layout-bottom-sep svg{width:100%;}.kb-row-layout-id5180_149635-69 .kt-row-layout-bottom-sep svg{fill:#ffffff!important;}@media all and (max-width: 1024px){.kb-row-layout-id5180_149635-69 > .kt-row-column-wrap{grid-template-columns:minmax(0, 1fr);}}@media all and (max-width: 1024px){.kb-row-layout-id5180_149635-69 .kt-row-layout-bottom-sep{height:px;}}@media all and (max-width: 1024px){.kb-row-layout-id5180_149635-69 .kt-row-layout-bottom-sep svg{width:%;}}@media all and (max-width: 767px){.kb-row-layout-id5180_149635-69 > .kt-row-column-wrap{grid-template-columns:minmax(0, 1fr);}.kb-row-layout-id5180_149635-69 .kt-row-layout-bottom-sep{height:px;}.kb-row-layout-id5180_149635-69 .kt-row-layout-bottom-sep svg{width:%;}}<\/style><div class=\"kb-row-layout-wrap kb-row-layout-id5180_149635-69 alignfull has-white-background-color kt-row-has-bg wp-block-kadence-rowlayout\"><div class=\"kt-row-layout-overlay kt-row-overlay-gradient\"><\/div><div class=\"kt-row-layout-bottom-sep kt-row-sep-type-ct\"><svg viewBox=\"0 0 1000 100\" preserveAspectRatio=\"none\"><path d=\"M1000,0l-500,98l-500,-98l0,100l1000,0l0,-100Z\" \/><\/svg><\/div><div class=\"kt-row-column-wrap kt-has-1-columns kt-row-layout-equal kt-tab-layout-inherit kt-mobile-layout-row kt-row-valign-top\">\n<style>.kadence-column5180_62511e-9d > .kt-inside-inner-col,.kadence-column5180_62511e-9d > .kt-inside-inner-col:before{border-top-left-radius:0px;border-top-right-radius:0px;border-bottom-right-radius:0px;border-bottom-left-radius:0px;}.kadence-column5180_62511e-9d > .kt-inside-inner-col{column-gap:var(--global-kb-gap-sm, 1rem);}.kadence-column5180_62511e-9d > .kt-inside-inner-col{flex-direction:column;}.kadence-column5180_62511e-9d > .kt-inside-inner-col > .aligncenter{width:100%;}.kadence-column5180_62511e-9d > .kt-inside-inner-col:before{opacity:0.3;}.kadence-column5180_62511e-9d{position:relative;}@media all and (max-width: 1024px){.kadence-column5180_62511e-9d > .kt-inside-inner-col{flex-direction:column;justify-content:center;}}@media all and (max-width: 767px){.kadence-column5180_62511e-9d > .kt-inside-inner-col{flex-direction:column;justify-content:center;}}<\/style>\n<div class=\"wp-block-kadence-column kadence-column5180_62511e-9d inner-column-1\"><div class=\"kt-inside-inner-col\"><\/div><\/div>\n\n<\/div><\/div>\n\n<style>.kb-row-layout-wrap.wp-block-kadence-rowlayout.kb-row-layout-id5180_dc76e1-97{margin-top:0px;}.kb-row-layout-id5180_dc76e1-97 > .kt-row-column-wrap{align-content:center;}:where(.kb-row-layout-id5180_dc76e1-97 > .kt-row-column-wrap) > .wp-block-kadence-column{justify-content:center;}.kb-row-layout-id5180_dc76e1-97 > .kt-row-column-wrap{column-gap:var(--global-kb-gap-md, 2rem);row-gap:var(--global-kb-gap-md, 2rem);max-width:1140px;margin-left:auto;margin-right:auto;padding-top:80px;padding-bottom:25px;grid-template-columns:minmax(0, calc(60% - ((var(--global-kb-gap-md, 2rem) * 1 )\/2)))minmax(0, calc(40% - ((var(--global-kb-gap-md, 2rem) * 1 )\/2)));}.kb-row-layout-id5180_dc76e1-97{background-color:#ffc56d;}.kb-row-layout-id5180_dc76e1-97 > .kt-row-layout-overlay{opacity:1;background-color:#ffffff;mix-blend-mode:normal;}.kb-row-layout-id5180_dc76e1-97 .kt-row-layout-bottom-sep{height:100px;}.kb-row-layout-id5180_dc76e1-97 .kt-row-layout-bottom-sep svg{width:100%;}.kb-row-layout-id5180_dc76e1-97 .kt-row-layout-bottom-sep svg{fill:#ffffff!important;}@media all and (max-width: 1024px){.kb-row-layout-id5180_dc76e1-97 > .kt-row-column-wrap{grid-template-columns:repeat(2, minmax(0, 1fr));}}@media all and (max-width: 1024px){.kb-row-layout-id5180_dc76e1-97 .kt-row-layout-bottom-sep{height:px;}}@media all and (max-width: 1024px){.kb-row-layout-id5180_dc76e1-97 .kt-row-layout-bottom-sep svg{width:%;}}@media all and (max-width: 767px){.kb-row-layout-id5180_dc76e1-97 > .kt-row-column-wrap{grid-template-columns:minmax(0, 1fr);}.kb-row-layout-id5180_dc76e1-97 > .kt-row-column-wrap > .wp-block-kadence-column:nth-child(1 of *:not(style)){order:2;}.kb-row-layout-id5180_dc76e1-97 > .kt-row-column-wrap > .wp-block-kadence-column:nth-child(2 of *:not(style)){order:1;}.kb-row-layout-id5180_dc76e1-97 > .kt-row-column-wrap > .wp-block-kadence-column:nth-child(3 of *:not(style)){order:12;}.kb-row-layout-id5180_dc76e1-97 > .kt-row-column-wrap > .wp-block-kadence-column:nth-child(4 of *:not(style)){order:11;}.kb-row-layout-id5180_dc76e1-97 > .kt-row-column-wrap > .wp-block-kadence-column:nth-child(5 of *:not(style)){order:22;}.kb-row-layout-id5180_dc76e1-97 > .kt-row-column-wrap > .wp-block-kadence-column:nth-child(6 of *:not(style)){order:21;}.kb-row-layout-id5180_dc76e1-97 > .kt-row-column-wrap > .wp-block-kadence-column:nth-child(7 of *:not(style)){order:32;}.kb-row-layout-id5180_dc76e1-97 > .kt-row-column-wrap > .wp-block-kadence-column:nth-child(8 of *:not(style)){order:31;}.kb-row-layout-id5180_dc76e1-97 .kt-row-layout-bottom-sep{height:px;}.kb-row-layout-id5180_dc76e1-97 .kt-row-layout-bottom-sep svg{width:%;}}<\/style><div class=\"kb-row-layout-wrap kb-row-layout-id5180_dc76e1-97 alignfull kt-row-has-bg wp-block-kadence-rowlayout\" id=\"menu\"><div class=\"kt-row-layout-overlay kt-row-overlay-normal\"><\/div><div class=\"kt-row-column-wrap kt-has-2-columns kt-row-layout-equal kt-tab-layout-equal kt-mobile-layout-row kt-row-valign-middle\">\n<style>.kadence-column5180_b8b783-77 > .kt-inside-inner-col,.kadence-column5180_b8b783-77 > .kt-inside-inner-col:before{border-top-left-radius:0px;border-top-right-radius:0px;border-bottom-right-radius:0px;border-bottom-left-radius:0px;}.kadence-column5180_b8b783-77 > .kt-inside-inner-col{column-gap:var(--global-kb-gap-sm, 1rem);}.kadence-column5180_b8b783-77 > .kt-inside-inner-col{flex-direction:column;}.kadence-column5180_b8b783-77 > .kt-inside-inner-col > .aligncenter{width:100%;}.kadence-column5180_b8b783-77 > .kt-inside-inner-col:before{opacity:0.3;}.kadence-column5180_b8b783-77{text-align:left;}.kadence-column5180_b8b783-77{position:relative;}@media all and (max-width: 1024px){.kadence-column5180_b8b783-77 > .kt-inside-inner-col{flex-direction:column;justify-content:center;}}@media all and (max-width: 767px){.kadence-column5180_b8b783-77{text-align:center;}.kadence-column5180_b8b783-77 > .kt-inside-inner-col{flex-direction:column;justify-content:center;}}<\/style>\n<div class=\"wp-block-kadence-column kadence-column5180_b8b783-77 inner-column-1\"><div class=\"kt-inside-inner-col\"><style>.wp-block-kadence-advancedheading.kt-adv-heading5180_a4e648-a9, .wp-block-kadence-advancedheading.kt-adv-heading5180_a4e648-a9[data-kb-block=\"kb-adv-heading5180_a4e648-a9\"]{margin-bottom:40px;font-weight:800;font-style:normal;font-family:Montserrat;}.wp-block-kadence-advancedheading.kt-adv-heading5180_a4e648-a9 mark.kt-highlight, .wp-block-kadence-advancedheading.kt-adv-heading5180_a4e648-a9[data-kb-block=\"kb-adv-heading5180_a4e648-a9\"] mark.kt-highlight{font-style:normal;color:#f76a0c;-webkit-box-decoration-break:clone;box-decoration-break:clone;padding-top:0px;padding-right:0px;padding-bottom:0px;padding-left:0px;}.wp-block-kadence-advancedheading.kt-adv-heading5180_a4e648-a9 img.kb-inline-image, .wp-block-kadence-advancedheading.kt-adv-heading5180_a4e648-a9[data-kb-block=\"kb-adv-heading5180_a4e648-a9\"] img.kb-inline-image{width:150px;vertical-align:baseline;}@media all and (max-width: 767px){.wp-block-kadence-advancedheading.kt-adv-heading5180_a4e648-a9, .wp-block-kadence-advancedheading.kt-adv-heading5180_a4e648-a9[data-kb-block=\"kb-adv-heading5180_a4e648-a9\"]{font-size:1.6em;line-height:1.2em;}}<\/style>\n<h1 class=\"kt-adv-heading5180_a4e648-a9 wp-block-kadence-advancedheading has-black-color has-text-color\" data-kb-block=\"kb-adv-heading5180_a4e648-a9\">What is Le Phare C.-B.?<\/h1>\n\n\n\n<p class=\"has-black-color has-text-color has-link-color wp-elements-f4fd5ce4b067b475e74e146e1173dd4e\">In an effort to address the lack of French-language child care spaces in British Columbia, the F\u00e9d\u00e9ration des parents francophones has set up <em>Le Phare C.-B.<\/em> This new entity within the F\u00e9d\u00e9ration, created at the request of its member associations and following consultations, is entirely dedicated to the development of Francophone child care centres in British Columbia.<\/p>\n\n\n\n<p class=\"has-black-color has-text-color has-link-color wp-elements-3d7db8e6c0210d3690c045fb4fc05d96\">As indicated in the 2018 study &#8220;<em><mark style=\"background-color:rgba(0, 0, 0, 0)\" class=\"has-inline-color has-virtue-primary-color\"><strong><a href=\"https:\/\/drive.google.com\/file\/d\/1g1rWF24kPNjMfngkv8nthajuLHTDWJba\/view\" data-type=\"page\" data-id=\"5013\" target=\"_blank\" rel=\"noreferrer noopener\">Francophone Child Care Centres for Early Childhood in British Columbia \u2013 Issues, Findings and Recommendations<\/a><\/strong><\/mark><\/em><sup>&#8220;<\/sup>, a large number of Francophone parents are unable to find a French-language child care space for their child. This situation is an obstacle to the transmission of French to future generations, and a challenge to the long-term vitality of the Francophone community in BC.<\/p>\n\n\n\n<p class=\"has-black-color has-text-color has-link-color wp-elements-485e25fd9ec66ff3b57d41bc9d973393\">The team at <em>Le Phare C.-B.<\/em> works in collaboration with various partners and develops expertise that will make it possible to mitigate the current shortage. It will advance the development of French-language child care centres across the province by supporting both the start-up of new child care centres and the expansion of centres already in operation. In this way, <em>Le Phare C.-B.<\/em> is set to become the Francophone benchmark in the field of child care in British Columbia.  <\/p>\n\n\n<style>.wp-block-kadence-advancedbtn.kt-btns5180_68397f-25, .site .entry-content .wp-block-kadence-advancedbtn.kt-btns5180_68397f-25, .wp-block-kadence-advancedbtn.kb-btns5180_68397f-25, .site .entry-content .wp-block-kadence-advancedbtn.kb-btns5180_68397f-25{margin-top:40px;}.wp-block-kadence-advancedbtn.kb-btns5180_68397f-25{gap:15px;justify-content:flex-start;align-items:center;}.kt-btns5180_68397f-25 .kt-button{font-weight:normal;font-style:normal;}@media all and (max-width: 767px){.wp-block-kadence-advancedbtn.kb-btns5180_68397f-25{justify-content:center;}}<\/style>\n<div class=\"wp-block-kadence-advancedbtn kb-buttons-wrap kb-btns5180_68397f-25\"><style>.wp-block-kadence-advancedbtn .kb-btn5180_383962-cf.kb-button{color:#ffffff;background:#243b53;font-size:16px;font-family:Arimo;font-weight:400;border-top:2px solid #eee;border-right:2px solid #eee;border-bottom:2px solid #eee;border-left:2px solid #eee;}.wp-block-kadence-advancedbtn .kb-btn5180_383962-cf.kb-button:hover, .wp-block-kadence-advancedbtn .kb-btn5180_383962-cf.kb-button:focus{color:#ffffff;background:#334e68;border-top:1px solid #eee;border-right:1px solid #eee;border-bottom:1px solid #eee;border-left:1px solid #eee;}@media all and (max-width: 1024px){.wp-block-kadence-advancedbtn .kb-btn5180_383962-cf.kb-button{border-top:2px solid #eee;border-right:2px solid #eee;border-bottom:2px solid #eee;border-left:2px solid #eee;}}@media all and (max-width: 1024px){.wp-block-kadence-advancedbtn .kb-btn5180_383962-cf.kb-button:hover, .wp-block-kadence-advancedbtn .kb-btn5180_383962-cf.kb-button:focus{border-top:1px solid #eee;border-right:1px solid #eee;border-bottom:1px solid #eee;border-left:1px solid #eee;}}@media all and (max-width: 767px){.wp-block-kadence-advancedbtn .kb-btn5180_383962-cf.kb-button{border-top:2px solid #eee;border-right:2px solid #eee;border-bottom:2px solid #eee;border-left:2px solid #eee;}.wp-block-kadence-advancedbtn .kb-btn5180_383962-cf.kb-button:hover, .wp-block-kadence-advancedbtn .kb-btn5180_383962-cf.kb-button:focus{border-top:1px solid #eee;border-right:1px solid #eee;border-bottom:1px solid #eee;border-left:1px solid #eee;}}<\/style><a class=\"kb-button kt-button button kb-btn5180_383962-cf kt-btn-size-small kt-btn-width-type-fixed kb-btn-global-outline  kt-btn-has-text-true kt-btn-has-svg-true  wp-block-kadence-singlebtn\" href=\"#contact\"><span class=\"kt-btn-inner-text\">Contact Us<\/span><span class=\"kb-svg-icon-wrap kb-svg-icon-fas_external-link-square-alt kt-btn-icon-side-right\"><svg viewBox=\"0 0 448 512\"  fill=\"currentColor\" xmlns=\"http:\/\/www.w3.org\/2000\/svg\"  aria-hidden=\"true\"><path d=\"M448 80v352c0 26.51-21.49 48-48 48H48c-26.51 0-48-21.49-48-48V80c0-26.51 21.49-48 48-48h352c26.51 0 48 21.49 48 48zm-88 16H248.029c-21.313 0-32.08 25.861-16.971 40.971l31.984 31.987L67.515 364.485c-4.686 4.686-4.686 12.284 0 16.971l31.029 31.029c4.687 4.686 12.285 4.686 16.971 0l195.526-195.526 31.988 31.991C358.058 263.977 384 253.425 384 231.979V120c0-13.255-10.745-24-24-24z\"\/><\/svg><\/span><\/a>\n\n<style>.wp-block-kadence-advancedbtn .kb-btn5180_4aa3f5-6d.kb-button{color:#000;background:#f6d39e;font-size:16px;font-family:Arimo;font-weight:400;border-top:2px solid #000;border-right:2px solid #000;border-bottom:2px solid #000;border-left:2px solid #000;}.wp-block-kadence-advancedbtn .kb-btn5180_4aa3f5-6d.kb-button:hover, .wp-block-kadence-advancedbtn .kb-btn5180_4aa3f5-6d.kb-button:focus{color:#000;background:#f5ddb1;border-top:2px solid #000;border-right:2px solid #000;border-bottom:2px solid #000;border-left:2px solid #000;}@media all and (max-width: 1024px){.wp-block-kadence-advancedbtn .kb-btn5180_4aa3f5-6d.kb-button{border-top:2px solid #000;border-right:2px solid #000;border-bottom:2px solid #000;border-left:2px solid #000;}}@media all and (max-width: 1024px){.wp-block-kadence-advancedbtn .kb-btn5180_4aa3f5-6d.kb-button:hover, .wp-block-kadence-advancedbtn .kb-btn5180_4aa3f5-6d.kb-button:focus{border-top:2px solid #000;border-right:2px solid #000;border-bottom:2px solid #000;border-left:2px solid #000;}}@media all and (max-width: 767px){.wp-block-kadence-advancedbtn .kb-btn5180_4aa3f5-6d.kb-button{border-top:2px solid #000;border-right:2px solid #000;border-bottom:2px solid #000;border-left:2px solid #000;}.wp-block-kadence-advancedbtn .kb-btn5180_4aa3f5-6d.kb-button:hover, .wp-block-kadence-advancedbtn .kb-btn5180_4aa3f5-6d.kb-button:focus{border-top:2px solid #000;border-right:2px solid #000;border-bottom:2px solid #000;border-left:2px solid #000;}}<\/style><a class=\"kb-button kt-button button kb-btn5180_4aa3f5-6d kt-btn-size-small kt-btn-width-type-fixed kb-btn-global-outline  kt-btn-has-text-true kt-btn-has-svg-false  wp-block-kadence-singlebtn\" href=\"https:\/\/fpfcb.bc.ca\/staff\/?lang=en\" target=\"_blank\" rel=\"noreferrer noopener\"><span class=\"kt-btn-inner-text\">The Team at Le Phare C.-B.<\/span><\/a><\/div>\n<\/div><\/div>\n\n\n<style>.kadence-column5180_236d6a-b5 > .kt-inside-inner-col,.kadence-column5180_236d6a-b5 > .kt-inside-inner-col:before{border-top-left-radius:0px;border-top-right-radius:0px;border-bottom-right-radius:0px;border-bottom-left-radius:0px;}.kadence-column5180_236d6a-b5 > .kt-inside-inner-col{column-gap:var(--global-kb-gap-sm, 1rem);}.kadence-column5180_236d6a-b5 > .kt-inside-inner-col{flex-direction:column;}.kadence-column5180_236d6a-b5 > .kt-inside-inner-col > .aligncenter{width:100%;}.kadence-column5180_236d6a-b5 > .kt-inside-inner-col:before{opacity:0.3;}.kadence-column5180_236d6a-b5{position:relative;}@media all and (max-width: 1024px){.kadence-column5180_236d6a-b5 > .kt-inside-inner-col{flex-direction:column;justify-content:center;}}@media all and (max-width: 767px){.kadence-column5180_236d6a-b5 > .kt-inside-inner-col{flex-direction:column;justify-content:center;}}<\/style>\n<div class=\"wp-block-kadence-column kadence-column5180_236d6a-b5 inner-column-2\"><div class=\"kt-inside-inner-col\">\n<figure class=\"wp-block-image size-large is-resized is-style-rounded\"><img loading=\"lazy\" decoding=\"async\" width=\"1000\" height=\"1500\" src=\"https:\/\/lepharecb.dev.wboitemedia.com\/wp-content\/uploads\/2024\/05\/InaugurationAventuriers-58.webp\" alt=\"\" class=\"wp-image-2214\" style=\"width:419px;height:auto\" srcset=\"https:\/\/lepharecb.dev.wboitemedia.com\/wp-content\/uploads\/2024\/05\/InaugurationAventuriers-58.webp 1000w, https:\/\/lepharecb.dev.wboitemedia.com\/wp-content\/uploads\/2024\/05\/InaugurationAventuriers-58-200x300.webp 200w, https:\/\/lepharecb.dev.wboitemedia.com\/wp-content\/uploads\/2024\/05\/InaugurationAventuriers-58-683x1024.webp 683w, https:\/\/lepharecb.dev.wboitemedia.com\/wp-content\/uploads\/2024\/05\/InaugurationAventuriers-58-768x1152.webp 768w\" sizes=\"auto, (max-width: 1000px) 100vw, 1000px\" \/><\/figure>\n<\/div><\/div>\n\n<\/div><\/div>\n\n<style>.wp-block-kadence-spacer.kt-block-spacer-5180_132a1c-34 .kt-block-spacer{height:33px;}.wp-block-kadence-spacer.kt-block-spacer-5180_132a1c-34 .kt-divider{border-top-width:7px;height:1px;border-top-color:#eee;width:80%;border-top-style:dashed;}<\/style>\n<div class=\"wp-block-kadence-spacer aligncenter kt-block-spacer-5180_132a1c-34\" id=\"contact\"><div class=\"kt-block-spacer kt-block-spacer-halign-center\"><hr class=\"kt-divider\"\/><\/div><\/div>\n\n\n<style>.kb-row-layout-wrap.wp-block-kadence-rowlayout.kb-row-layout-id5180_f0105a-f9{margin-top:50px;}.kb-row-layout-id5180_f0105a-f9 > .kt-row-column-wrap{align-content:center;}:where(.kb-row-layout-id5180_f0105a-f9 > .kt-row-column-wrap) > .wp-block-kadence-column{justify-content:center;}.kb-row-layout-id5180_f0105a-f9 > .kt-row-column-wrap{column-gap:var(--global-kb-gap-lg, 4rem);row-gap:var(--global-kb-gap-md, 2rem);max-width:var(--wp--style--global--content-size);padding-top:0px;padding-bottom:20px;grid-template-columns:minmax(0, 1fr);}.kb-row-layout-id5180_f0105a-f9 > .kt-row-layout-overlay{opacity:0.30;}.kb-row-layout-id5180_f0105a-f9{z-index:956;position:relative;}@media all and (max-width: 1024px){.kb-row-layout-id5180_f0105a-f9 > .kt-row-column-wrap{grid-template-columns:minmax(0, 1fr);}}@media all and (max-width: 767px){.kb-row-layout-id5180_f0105a-f9 > .kt-row-column-wrap{grid-template-columns:minmax(0, 1fr);}}<\/style><div class=\"kb-row-layout-wrap kb-row-layout-id5180_f0105a-f9 alignnone has-white-background-color kt-row-has-bg wp-block-kadence-rowlayout\"><div class=\"kt-row-column-wrap kt-has-1-columns kt-row-layout-equal kt-tab-layout-inherit kt-mobile-layout-row kt-row-valign-middle kt-inner-column-height-full kb-theme-content-width\">\n<style>.kadence-column5180_731101-cb > .kt-inside-inner-col,.kadence-column5180_731101-cb > .kt-inside-inner-col:before{border-top-left-radius:0px;border-top-right-radius:0px;border-bottom-right-radius:0px;border-bottom-left-radius:0px;}.kadence-column5180_731101-cb > .kt-inside-inner-col{column-gap:var(--global-kb-gap-sm, 1rem);}.kadence-column5180_731101-cb > .kt-inside-inner-col{flex-direction:column;}.kadence-column5180_731101-cb > .kt-inside-inner-col > .aligncenter{width:100%;}.kadence-column5180_731101-cb > .kt-inside-inner-col:before{opacity:0.3;}.kadence-column5180_731101-cb{text-align:center;}.kadence-column5180_731101-cb, .kadence-column5180_731101-cb h1, .kadence-column5180_731101-cb h2, .kadence-column5180_731101-cb h3, .kadence-column5180_731101-cb h4, .kadence-column5180_731101-cb h5, .kadence-column5180_731101-cb h6{color:#000;}.kadence-column5180_731101-cb a{color:#d43167;}.kadence-column5180_731101-cb a:hover{color:#000;}.kadence-column5180_731101-cb{position:relative;}@media all and (max-width: 1024px){.kadence-column5180_731101-cb > .kt-inside-inner-col{flex-direction:column;justify-content:center;}}@media all and (max-width: 767px){.kadence-column5180_731101-cb > .kt-inside-inner-col{flex-direction:column;justify-content:center;}}<\/style>\n<div class=\"wp-block-kadence-column kadence-column5180_731101-cb kb-section-dir-vertical\"><div class=\"kt-inside-inner-col\">\n<h3 class=\"wp-block-heading has-text-align-center has-text-color has-link-color wp-elements-715e10d26d56a8635ef740c2adbabd5a\" style=\"color:#d41367;font-size:36px;font-style:normal;font-weight:700\">Contact Us<\/h3>\n\n\n\n<h2 class=\"wp-block-heading has-text-align-center has-black-color has-text-color has-link-color wp-elements-533f89e64b2eb24d7c92e97bc24edf3a\" style=\"font-size:26px\"><strong>Questions? Our team will be happy to reply. <\/strong><\/h2>\n\n\n\n<h3 class=\"wp-block-heading has-text-align-center has-black-color has-text-color has-link-color wp-elements-d02954dc0b354279a0e271986c459b88\" style=\"font-size:24px;font-style:normal;font-weight:500\"><strong>Address<\/strong>: 1565 W 7th Ave, Vancouver, BC V6H 1S1<\/h3>\n\n\n\n<h3 class=\"wp-block-heading has-text-align-center has-black-color has-text-color has-link-color wp-elements-13780e616318c3bda6d7729f0f1b2be0\" style=\"font-size:24px;font-style:normal;font-weight:500\"><strong>Phone<\/strong>: 604-736-5056 ext. 2<\/h3>\n\n\n\n<h3 class=\"wp-block-heading has-text-align-center has-black-color has-text-color has-link-color wp-elements-41a312b9274395b0b367e6069c3a54f8\" style=\"font-size:24px;font-style:normal;font-weight:500\"><strong>Email<\/strong>: <a href=\"mailto:garderies@fpfcb.bc.ca\" data-type=\"mailto\" data-id=\"mailto:garderies@fpfcb.bc.ca\">garderies@fpfcb.bc.ca<\/a><\/h3>\n<\/div><\/div>\n\n<\/div><\/div>\n\n\n\n<style>.wp-block-kadence-spacer.kt-block-spacer-5180_a07d2d-db .kt-block-spacer{height:20px;}.wp-block-kadence-spacer.kt-block-spacer-5180_a07d2d-db .kt-divider{border-top-width:7px;height:1px;border-top-color:#eee;width:80%;border-top-style:dashed;}<\/style>\n<div class=\"wp-block-kadence-spacer aligncenter kt-block-spacer-5180_a07d2d-db\"><div class=\"kt-block-spacer kt-block-spacer-halign-center\"><hr class=\"kt-divider\"\/><\/div><\/div>\n","protected":false},"excerpt":{"rendered":"<p>What is Le Phare C.-B.? In an effort to address the lack of French-language child care spaces in British Columbia, the F\u00e9d\u00e9ration des parents francophones has set up Le Phare C.-B. This new entity within the F\u00e9d\u00e9ration, created at the &hellip; <a class=\"kt-excerpt-readmore\" href=\"https:\/\/lepharecb.dev.wboitemedia.com\/en\/about-le-phare-c-b\/\" aria-label=\"About Le Phare C.-B.\">Read More<\/a><\/p>\n","protected":false},"author":4,"featured_media":4810,"parent":0,"menu_order":0,"comment_status":"closed","ping_status":"closed","template":"page-fullwidth.php","meta":{"_acf_changed":false,"_seopress_robots_primary_cat":"","_seopress_titles_title":"What is Le Phare C.-B.?","_seopress_titles_desc":"A team supporting the development of Francophone child care centres","_seopress_robots_index":"","kt_blocks_editor_width":"","_kad_blocks_custom_css":"","_kad_blocks_head_custom_js":"","_kad_blocks_body_custom_js":"","_kad_blocks_footer_custom_js":"","footnotes":""},"class_list":["post-5180","page","type-page","status-publish","has-post-thumbnail","hentry"],"acf":[],"taxonomy_info":[],"featured_image_src_large":["https:\/\/lepharecb.dev.wboitemedia.com\/wp-content\/uploads\/2023\/01\/Logo_Libellules-1024x374.png",1024,374,true],"author_info":{"display_name":"Benita","author_link":"https:\/\/lepharecb.dev.wboitemedia.com\/en\/author\/benita\/"},"comment_info":0,"_links":{"self":[{"href":"https:\/\/lepharecb.dev.wboitemedia.com\/en\/wp-json\/wp\/v2\/pages\/5180","targetHints":{"allow":["GET"]}}],"collection":[{"href":"https:\/\/lepharecb.dev.wboitemedia.com\/en\/wp-json\/wp\/v2\/pages"}],"about":[{"href":"https:\/\/lepharecb.dev.wboitemedia.com\/en\/wp-json\/wp\/v2\/types\/page"}],"author":[{"embeddable":true,"href":"https:\/\/lepharecb.dev.wboitemedia.com\/en\/wp-json\/wp\/v2\/users\/4"}],"replies":[{"embeddable":true,"href":"https:\/\/lepharecb.dev.wboitemedia.com\/en\/wp-json\/wp\/v2\/comments?post=5180"}],"version-history":[{"count":17,"href":"https:\/\/lepharecb.dev.wboitemedia.com\/en\/wp-json\/wp\/v2\/pages\/5180\/revisions"}],"predecessor-version":[{"id":11623,"href":"https:\/\/lepharecb.dev.wboitemedia.com\/en\/wp-json\/wp\/v2\/pages\/5180\/revisions\/11623"}],"wp:featuredmedia":[{"embeddable":true,"href":"https:\/\/lepharecb.dev.wboitemedia.com\/en\/wp-json\/wp\/v2\/media\/4810"}],"wp:attachment":[{"href":"https:\/\/lepharecb.dev.wboitemedia.com\/en\/wp-json\/wp\/v2\/media?parent=5180"}],"curies":[{"name":"wp","href":"https:\/\/api.w.org\/{rel}","templated":true}]}}